{"id":418,"date":"2017-04-07T10:04:27","date_gmt":"2017-04-07T10:04:27","guid":{"rendered":"http:\/\/luxiaartiss.com\/fr\/?page_id=418"},"modified":"2019-12-16T22:55:56","modified_gmt":"2019-12-16T22:55:56","slug":"contact","status":"publish","type":"page","link":"http:\/\/luxiaartiss.com\/fr\/contact\/","title":{"rendered":"Contact"},"content":{"rendered":"<div class=\"col-md-6 col-sm-12\">\n<div class=\"contact-info wow zoomIn\">\n<h3>Pour nous<br \/>\ncontacter <\/h3>\n<h5>Luxia Artiss Paris appr\u00e9cie vos commentaires et doutes. N&rsquo;h\u00e9sitez pas \u00e0 nous contacter afin de nous donner votre opinion.<\/h5>\n<div class=\"detail-top\">\n<p><em class=\"fa fa-map-marker\"><\/em>1501 NORTHPOINT PARKWAY, SUITE 100 WEST PALM BEACH, FL 33407 USA<\/p>\n<p><em class=\"fa fa-phone\"><\/em>Num\u00e9ro Gratuit:<a href=\"tel:18889622848\"> 1.888.962.2848<\/a><\/p>\n<p><em class=\"fa fa-phone\"><\/em>Bureau:<a href=\"tel:+1 561.253.3020\"> +1 561.253.3020<\/a><\/p>\n<p><em class=\"fa fa-envelope-o\"><\/em>Email:<a href=\"mailto:info@luxiaartiss.com\">info@luxiaartiss.com<\/a><\/p>\n<\/div>\n<div class=\"detail-bottom\">\n<p>Pour ouvrir un compte et placer une commande, contactez Brand Ambassador<\/p>\n<p><em class=\"fa fa-phone\"><\/em>Bureau:<a href=\"tel:+1 561.253.3020\"> +1 561.253.3020<\/a><\/p>\n<p><em class=\"fa fa-envelope-o\"><\/em>Email:<a href=\"mailto:info@luxiaartiss.com\"> info@luxiaartiss.com<\/a><\/p>\n<\/div>\n<\/div>\n<\/div>\n<p><!--\n\n<div class=\"col-md-6 col-sm-12 wow zoomIn\">\n\n\n<div class=\"contact-commt\">\n\n\n<h3 class=\"col-md-12 col-sm-12\">Ajouter un\ncommentaire<\/h3>\n\n\n\n\n<div class=\"form-detail\">\n\n[contact-form-7 id=\"417\" title=\"French Contact\"]\n\n<\/div>\n\n \n<\/div>\n\n\n<\/div>\n\n--><\/p>\n","protected":false},"excerpt":{"rendered":"<p>Pour nous contacter Luxia Artiss Paris appr\u00e9cie vos commentaires et doutes. N&rsquo;h\u00e9sitez pas \u00e0 nous contacter afin de nous donner votre opinion. 1501 NORTHPOINT PARKWAY, SUITE 100 WEST PALM BEACH, FL 33407 USA Num\u00e9ro Gratuit: 1.888.962.2848 Bureau: +1 561.253.3020 Email:info@luxiaartiss.com Pour ouvrir un compte et placer une commande, contactez Brand Ambassador Bureau: +1 561.253.3020 Email: &hellip; <\/p>\n<p class=\"link-more\"><a href=\"http:\/\/luxiaartiss.com\/fr\/contact\/\" class=\"more-link\">Continuer la lecture<span class=\"screen-reader-text\"> de &laquo;&nbsp;Contact&nbsp;&raquo;<\/span><\/a><\/p>\n","protected":false},"author":1,"featured_media":933,"parent":0,"menu_order":0,"comment_status":"closed","ping_status":"closed","template":"template-parts\/template-test.php","meta":[],"yoast_head":"<!-- This site is optimized with the Yoast SEO plugin v16.4 - https:\/\/yoast.com\/wordpress\/plugins\/seo\/ -->\n<title>Contact - Luxia Artiss<\/title>\n<meta name=\"robots\" content=\"index, follow, max-snippet:-1, max-image-preview:large, max-video-preview:-1\" \/>\n<link rel=\"canonical\" href=\"http:\/\/luxiaartiss.com\/fr\/contact\/\" \/>\n<meta property=\"og:locale\" content=\"fr_FR\" \/>\n<meta property=\"og:type\" content=\"article\" \/>\n<meta property=\"og:title\" content=\"Contact - Luxia Artiss\" \/>\n<meta property=\"og:description\" content=\"Pour nous contacter Luxia Artiss Paris appr\u00e9cie vos commentaires et doutes. N&rsquo;h\u00e9sitez pas \u00e0 nous contacter afin de nous donner votre opinion. 1501 NORTHPOINT PARKWAY, SUITE 100 WEST PALM BEACH, FL 33407 USA Num\u00e9ro Gratuit: 1.888.962.2848 Bureau: +1 561.253.3020 Email:info@luxiaartiss.com Pour ouvrir un compte et placer une commande, contactez Brand Ambassador Bureau: +1 561.253.3020 Email: &hellip; Continuer la lecture de &laquo;&nbsp;Contact&nbsp;&raquo;\" \/>\n<meta property=\"og:url\" content=\"http:\/\/luxiaartiss.com\/fr\/contact\/\" \/>\n<meta property=\"og:site_name\" content=\"Luxia Artiss\" \/>\n<meta property=\"article:modified_time\" content=\"2019-12-16T22:55:56+00:00\" \/>\n<meta property=\"og:image\" content=\"https:\/\/luxiaartiss.com\/wp-content\/uploads\/2017\/02\/BrandCulture_Header_04-1.jpg\" \/>\n\t<meta property=\"og:image:width\" content=\"1900\" \/>\n\t<meta property=\"og:image:height\" content=\"800\" \/>\n<meta name=\"twitter:card\" content=\"summary\" \/>\n<script type=\"application\/ld+json\" class=\"yoast-schema-graph\">{\"@context\":\"https:\/\/schema.org\",\"@graph\":[{\"@type\":\"WebSite\",\"@id\":\"http:\/\/luxiaartiss.com\/#website\",\"url\":\"http:\/\/luxiaartiss.com\/\",\"name\":\"Luxia Artiss\",\"description\":\"\",\"potentialAction\":[{\"@type\":\"SearchAction\",\"target\":\"http:\/\/luxiaartiss.com\/?s={search_term_string}\",\"query-input\":\"required name=search_term_string\"}],\"inLanguage\":\"fr-FR\"},{\"@type\":\"ImageObject\",\"@id\":\"http:\/\/luxiaartiss.com\/fr\/contact\/#primaryimage\",\"inLanguage\":\"fr-FR\",\"url\":\"http:\/\/luxiaartiss.com\/wp-content\/uploads\/2017\/02\/BrandCulture_Header_04-1.jpg\",\"contentUrl\":\"http:\/\/luxiaartiss.com\/wp-content\/uploads\/2017\/02\/BrandCulture_Header_04-1.jpg\",\"width\":1900,\"height\":800},{\"@type\":\"WebPage\",\"@id\":\"http:\/\/luxiaartiss.com\/fr\/contact\/#webpage\",\"url\":\"http:\/\/luxiaartiss.com\/fr\/contact\/\",\"name\":\"Contact - Luxia Artiss\",\"isPartOf\":{\"@id\":\"http:\/\/luxiaartiss.com\/#website\"},\"primaryImageOfPage\":{\"@id\":\"http:\/\/luxiaartiss.com\/fr\/contact\/#primaryimage\"},\"datePublished\":\"2017-04-07T10:04:27+00:00\",\"dateModified\":\"2019-12-16T22:55:56+00:00\",\"breadcrumb\":{\"@id\":\"http:\/\/luxiaartiss.com\/fr\/contact\/#breadcrumb\"},\"inLanguage\":\"fr-FR\",\"potentialAction\":[{\"@type\":\"ReadAction\",\"target\":[\"http:\/\/luxiaartiss.com\/fr\/contact\/\"]}]},{\"@type\":\"BreadcrumbList\",\"@id\":\"http:\/\/luxiaartiss.com\/fr\/contact\/#breadcrumb\",\"itemListElement\":[{\"@type\":\"ListItem\",\"position\":1,\"item\":{\"@type\":\"WebPage\",\"@id\":\"http:\/\/luxiaartiss.com\/fr\/\",\"url\":\"http:\/\/luxiaartiss.com\/fr\/\",\"name\":\"Home\"}},{\"@type\":\"ListItem\",\"position\":2,\"item\":{\"@id\":\"http:\/\/luxiaartiss.com\/fr\/contact\/#webpage\"}}]}]}<\/script>\n<!-- \/ Yoast SEO plugin. -->","_links":{"self":[{"href":"http:\/\/luxiaartiss.com\/fr\/wp-json\/wp\/v2\/pages\/418"}],"collection":[{"href":"http:\/\/luxiaartiss.com\/fr\/wp-json\/wp\/v2\/pages"}],"about":[{"href":"http:\/\/luxiaartiss.com\/fr\/wp-json\/wp\/v2\/types\/page"}],"author":[{"embeddable":true,"href":"http:\/\/luxiaartiss.com\/fr\/wp-json\/wp\/v2\/users\/1"}],"replies":[{"embeddable":true,"href":"http:\/\/luxiaartiss.com\/fr\/wp-json\/wp\/v2\/comments?post=418"}],"version-history":[{"count":14,"href":"http:\/\/luxiaartiss.com\/fr\/wp-json\/wp\/v2\/pages\/418\/revisions"}],"predecessor-version":[{"id":10754,"href":"http:\/\/luxiaartiss.com\/fr\/wp-json\/wp\/v2\/pages\/418\/revisions\/10754"}],"wp:featuredmedia":[{"embeddable":true,"href":"http:\/\/luxiaartiss.com\/fr\/wp-json\/wp\/v2\/media\/933"}],"wp:attachment":[{"href":"http:\/\/luxiaartiss.com\/fr\/wp-json\/wp\/v2\/media?parent=418"}],"curies":[{"name":"wp","href":"https:\/\/api.w.org\/{rel}","templated":true}]}}