{"id":464,"date":"2017-06-26T10:20:07","date_gmt":"2017-06-26T10:20:07","guid":{"rendered":"http:\/\/luxiaartiss.com\/fr\/?page_id=464"},"modified":"2017-06-30T04:32:00","modified_gmt":"2017-06-30T04:32:00","slug":"demander-un-echantillon","status":"publish","type":"page","link":"http:\/\/luxiaartiss.com\/fr\/demander-un-echantillon\/","title":{"rendered":"Demander un \u00e9chantillon"},"content":{"rendered":"<div class=\"col-md-6 col-sm-12 wow zoomIn requestform\">\n<div class=\"contact-commt\">\n<h3 class=\"col-md-12 col-sm-12\">Demander un \u00e9chantillon<\/h3>\n<div class=\"contact-commt\">\n<div class=\"form-detail education-form\">\n<div role=\"form\" class=\"wpcf7\" id=\"wpcf7-f460-o1\" lang=\"en-US\" dir=\"ltr\">\n<div class=\"screen-reader-response\"><p role=\"status\" aria-live=\"polite\" aria-atomic=\"true\"><\/p> <ul><\/ul><\/div>\n<form action=\"\/fr\/wp-json\/wp\/v2\/pages\/464#wpcf7-f460-o1\" method=\"post\" class=\"wpcf7-form init\" novalidate=\"novalidate\" data-status=\"init\">\n<div style=\"display: none;\">\n<input type=\"hidden\" name=\"_wpcf7\" value=\"460\" \/>\n<input type=\"hidden\" name=\"_wpcf7_version\" value=\"5.4.1\" \/>\n<input type=\"hidden\" name=\"_wpcf7_locale\" value=\"en_US\" \/>\n<input type=\"hidden\" name=\"_wpcf7_unit_tag\" value=\"wpcf7-f460-o1\" \/>\n<input type=\"hidden\" name=\"_wpcf7_container_post\" value=\"0\" \/>\n<input type=\"hidden\" name=\"_wpcf7_posted_data_hash\" value=\"\" \/>\n<\/div>\n<div class=\"col-md-12 col-sm-12\"><span class=\"wpcf7-form-control-wrap Firstname\"><input type=\"text\" name=\"Firstname\" value=\"\" size=\"40\" class=\"wpcf7-form-control wpcf7-text wpcf7-validates-as-required\" aria-required=\"true\" aria-invalid=\"false\" placeholder=\"Pr\u00e9nom\" \/><\/span><\/div>\n<div class=\"col-md-12 col-sm-12\">\n                        \t<span class=\"wpcf7-form-control-wrap Lastname\"><input type=\"text\" name=\"Lastname\" value=\"\" size=\"40\" class=\"wpcf7-form-control wpcf7-text wpcf7-validates-as-required\" aria-required=\"true\" aria-invalid=\"false\" placeholder=\"Nom de famille\" \/><\/span>\n                        <\/div>\n<div class=\"col-md-12 col-sm-12\">\n                        \t<span class=\"wpcf7-form-control-wrap Salonname\"><input type=\"text\" name=\"Salonname\" value=\"\" size=\"40\" class=\"wpcf7-form-control wpcf7-text wpcf7-validates-as-required\" aria-required=\"true\" aria-invalid=\"false\" placeholder=\"Nom du salon\" \/><\/span>\n                        <\/div>\n<div class=\"col-md-12 col-sm-12\">\n                        \t<span class=\"wpcf7-form-control-wrap Email\"><input type=\"email\" name=\"Email\" value=\"\" size=\"40\" class=\"wpcf7-form-control wpcf7-text wpcf7-email wpcf7-validates-as-required wpcf7-validates-as-email\" aria-required=\"true\" aria-invalid=\"false\" placeholder=\"Email\" \/><\/span>\n                        <\/div>\n<div class=\"col-md-12 col-sm-12\">\n                        \t<span class=\"wpcf7-form-control-wrap Phone\"><input type=\"tel\" name=\"Phone\" value=\"\" size=\"40\" class=\"wpcf7-form-control wpcf7-text wpcf7-tel wpcf7-validates-as-required wpcf7-validates-as-tel\" aria-required=\"true\" aria-invalid=\"false\" placeholder=\"T\u00e9l\u00e9phone\" \/><\/span>\n                        <\/div>\n<div class=\"col-md-12 col-sm-12\">\n                        \t<span class=\"wpcf7-form-control-wrap Address\"><textarea name=\"Address\" cols=\"40\" rows=\"10\" class=\"wpcf7-form-control wpcf7-textarea wpcf7-validates-as-required\" aria-required=\"true\" aria-invalid=\"false\" placeholder=\"Adresse\"><\/textarea><\/span>\n                        <\/div>\n<div class=\"col-md-12 col-sm-12\">\n                        \t<span class=\"wpcf7-form-control-wrap City\"><input type=\"text\" name=\"City\" value=\"\" size=\"40\" class=\"wpcf7-form-control wpcf7-text wpcf7-validates-as-required\" aria-required=\"true\" aria-invalid=\"false\" placeholder=\"Ville\" \/><\/span>\n                        <\/div>\n<div class=\"col-md-12 col-sm-12\">\n                                <span class=\"wpcf7-form-control-wrap Zip\"><input type=\"text\" name=\"Zip\" value=\"\" size=\"40\" class=\"wpcf7-form-control wpcf7-text wpcf7-validates-as-required\" aria-required=\"true\" aria-invalid=\"false\" placeholder=\"Code postal\" \/><\/span>\n                        <\/div>\n<div class=\"col-md-12 col-sm-12\">\n                               <span class=\"wpcf7-form-control-wrap Country\"><input type=\"text\" name=\"Country\" value=\"\" size=\"40\" class=\"wpcf7-form-control wpcf7-text wpcf7-validates-as-required\" aria-required=\"true\" aria-invalid=\"false\" placeholder=\"Pays\" \/><\/span>\n                        <\/div>\n<div class=\"col-md-12 col-sm-12\">\n                                <span class=\"wpcf7-form-control-wrap areu\"><select name=\"areu\" class=\"wpcf7-form-control wpcf7-select wpcf7-validates-as-required\" aria-required=\"true\" aria-invalid=\"false\"><option value=\"\">Vous \u00eates<\/option><option value=\"Distributeur\">Distributeur<\/option><option value=\"Styliste\">Styliste<\/option><option value=\"Propri\u00e9taire du salon\">Propri\u00e9taire du salon<\/option><option value=\"\u00c9tudiant\">\u00c9tudiant<\/option><\/select><\/span>\n                         <\/div>\n<div class=\"col-md-12 col-sm-12 questionpart\">\n                             <label>Pensez-vous que votre client\u00e8le paiera plus pour des produits et des services de qualit\u00e9 sup\u00e9rieure?<\/label><br \/>\n                                <span class=\"wpcf7-form-control-wrap payment\"><span class=\"wpcf7-form-control wpcf7-checkbox wpcf7-validates-as-required wpcf7-exclusive-checkbox\"><span class=\"wpcf7-list-item first\"><input type=\"checkbox\" name=\"payment\" value=\"Oui\" \/><span class=\"wpcf7-list-item-label\">Oui<\/span><\/span><span class=\"wpcf7-list-item last\"><input type=\"checkbox\" name=\"payment\" value=\"Non\" \/><span class=\"wpcf7-list-item-label\">Non<\/span><\/span><\/span><\/span>\n                         <\/div>\n<div class=\"col-md-12 col-sm-12\">\n                             <label>Quel est le prix moyen que vous chargez pour un service complet d'extension des cheveux?<\/label><br \/>\n                                 <span class=\"wpcf7-form-control-wrap charge\"><input type=\"number\" name=\"charge\" value=\"\" class=\"wpcf7-form-control wpcf7-number wpcf7-validates-as-required wpcf7-validates-as-number\" min=\"10\" max=\"100000000\" aria-required=\"true\" aria-invalid=\"false\" placeholder=\"Prix moyen\" \/><\/span>\n                         <\/div>\n<div class=\"col-md-12 col-sm-12\">\n                             <label>Quel est le revenu annuel m\u00e9dian de votre salon?<\/label><br \/>\n                                <span class=\"wpcf7-form-control-wrap revenue\"><input type=\"number\" name=\"revenue\" value=\"\" class=\"wpcf7-form-control wpcf7-number wpcf7-validates-as-required wpcf7-validates-as-number\" min=\"10\" max=\"100000000\" aria-required=\"true\" aria-invalid=\"false\" placeholder=\"Prix annuel\" \/><\/span>\n                         <\/div>\n<div class=\"col-md-12 col-sm-12 questionpart\">\n                             <label>\u00cates-vous form\u00e9 \u00e0 l'application des extensions de cheveux de pointe de k\u00e9ratine?<\/label><br \/>\n                                <span class=\"wpcf7-form-control-wrap trained\"><span class=\"wpcf7-form-control wpcf7-checkbox wpcf7-validates-as-required wpcf7-exclusive-checkbox\"><span class=\"wpcf7-list-item first\"><input type=\"checkbox\" name=\"trained\" value=\"Oui\" \/><span class=\"wpcf7-list-item-label\">Oui<\/span><\/span><span class=\"wpcf7-list-item last\"><input type=\"checkbox\" name=\"trained\" value=\"Non\" \/><span class=\"wpcf7-list-item-label\">Non<\/span><\/span><\/span><\/span>\n                         <\/div>\n<div class=\"col-md-12 col-sm-12\">\n                                <span class=\"wpcf7-form-control-wrap Message\"><textarea name=\"Message\" cols=\"40\" rows=\"10\" class=\"wpcf7-form-control wpcf7-textarea\" aria-invalid=\"false\" placeholder=\"Commentaire\"><\/textarea><\/span>\n                        <\/div>\n<div class=\"col-md-12 submitbtn\">\n                        \t<input type=\"submit\" value=\"Soumettre\" class=\"wpcf7-form-control wpcf7-submit\" id=\"Submit\" \/>\n                        <\/div>\n<div class=\"wpcf7-response-output\" aria-hidden=\"true\"><\/div><\/form><\/div>\n<\/div>\n<\/div>\n<\/div>\n<\/div>\n","protected":false},"excerpt":{"rendered":"<p>Demander un \u00e9chantillon<\/p>\n","protected":false},"author":1,"featured_media":77,"parent":0,"menu_order":0,"comment_status":"closed","ping_status":"closed","template":"","meta":[],"yoast_head":"<!-- This site is optimized with the Yoast SEO plugin v16.4 - https:\/\/yoast.com\/wordpress\/plugins\/seo\/ -->\n<title>Demander un \u00e9chantillon - Luxia Artiss<\/title>\n<meta name=\"robots\" content=\"index, follow, max-snippet:-1, max-image-preview:large, max-video-preview:-1\" \/>\n<link rel=\"canonical\" href=\"http:\/\/luxiaartiss.com\/fr\/demander-un-echantillon\/\" \/>\n<meta property=\"og:locale\" content=\"fr_FR\" \/>\n<meta property=\"og:type\" content=\"article\" \/>\n<meta property=\"og:title\" content=\"Demander un \u00e9chantillon - Luxia Artiss\" \/>\n<meta property=\"og:description\" content=\"Demander un \u00e9chantillon\" \/>\n<meta property=\"og:url\" content=\"http:\/\/luxiaartiss.com\/fr\/demander-un-echantillon\/\" \/>\n<meta property=\"og:site_name\" content=\"Luxia Artiss\" \/>\n<meta property=\"article:modified_time\" content=\"2017-06-30T04:32:00+00:00\" \/>\n<meta property=\"og:image\" content=\"https:\/\/luxiaartiss.com\/wp-content\/uploads\/2017\/02\/banner5.jpg\" \/>\n\t<meta property=\"og:image:width\" content=\"1900\" \/>\n\t<meta property=\"og:image:height\" content=\"800\" \/>\n<meta name=\"twitter:card\" content=\"summary\" \/>\n<script type=\"application\/ld+json\" class=\"yoast-schema-graph\">{\"@context\":\"https:\/\/schema.org\",\"@graph\":[{\"@type\":\"WebSite\",\"@id\":\"http:\/\/luxiaartiss.com\/#website\",\"url\":\"http:\/\/luxiaartiss.com\/\",\"name\":\"Luxia Artiss\",\"description\":\"\",\"potentialAction\":[{\"@type\":\"SearchAction\",\"target\":\"http:\/\/luxiaartiss.com\/?s={search_term_string}\",\"query-input\":\"required name=search_term_string\"}],\"inLanguage\":\"fr-FR\"},{\"@type\":\"ImageObject\",\"@id\":\"http:\/\/luxiaartiss.com\/fr\/demander-un-echantillon\/#primaryimage\",\"inLanguage\":\"fr-FR\",\"url\":\"http:\/\/luxiaartiss.com\/wp-content\/uploads\/2017\/02\/banner5.jpg\",\"contentUrl\":\"http:\/\/luxiaartiss.com\/wp-content\/uploads\/2017\/02\/banner5.jpg\",\"width\":1900,\"height\":800},{\"@type\":\"WebPage\",\"@id\":\"http:\/\/luxiaartiss.com\/fr\/demander-un-echantillon\/#webpage\",\"url\":\"http:\/\/luxiaartiss.com\/fr\/demander-un-echantillon\/\",\"name\":\"Demander un \\u00e9chantillon - Luxia Artiss\",\"isPartOf\":{\"@id\":\"http:\/\/luxiaartiss.com\/#website\"},\"primaryImageOfPage\":{\"@id\":\"http:\/\/luxiaartiss.com\/fr\/demander-un-echantillon\/#primaryimage\"},\"datePublished\":\"2017-06-26T10:20:07+00:00\",\"dateModified\":\"2017-06-30T04:32:00+00:00\",\"breadcrumb\":{\"@id\":\"http:\/\/luxiaartiss.com\/fr\/demander-un-echantillon\/#breadcrumb\"},\"inLanguage\":\"fr-FR\",\"potentialAction\":[{\"@type\":\"ReadAction\",\"target\":[\"http:\/\/luxiaartiss.com\/fr\/demander-un-echantillon\/\"]}]},{\"@type\":\"BreadcrumbList\",\"@id\":\"http:\/\/luxiaartiss.com\/fr\/demander-un-echantillon\/#breadcrumb\",\"itemListElement\":[{\"@type\":\"ListItem\",\"position\":1,\"item\":{\"@type\":\"WebPage\",\"@id\":\"http:\/\/luxiaartiss.com\/fr\/\",\"url\":\"http:\/\/luxiaartiss.com\/fr\/\",\"name\":\"Home\"}},{\"@type\":\"ListItem\",\"position\":2,\"item\":{\"@id\":\"http:\/\/luxiaartiss.com\/fr\/demander-un-echantillon\/#webpage\"}}]}]}<\/script>\n<!-- \/ Yoast SEO plugin. -->","_links":{"self":[{"href":"http:\/\/luxiaartiss.com\/fr\/wp-json\/wp\/v2\/pages\/464"}],"collection":[{"href":"http:\/\/luxiaartiss.com\/fr\/wp-json\/wp\/v2\/pages"}],"about":[{"href":"http:\/\/luxiaartiss.com\/fr\/wp-json\/wp\/v2\/types\/page"}],"author":[{"embeddable":true,"href":"http:\/\/luxiaartiss.com\/fr\/wp-json\/wp\/v2\/users\/1"}],"replies":[{"embeddable":true,"href":"http:\/\/luxiaartiss.com\/fr\/wp-json\/wp\/v2\/comments?post=464"}],"version-history":[{"count":4,"href":"http:\/\/luxiaartiss.com\/fr\/wp-json\/wp\/v2\/pages\/464\/revisions"}],"predecessor-version":[{"id":471,"href":"http:\/\/luxiaartiss.com\/fr\/wp-json\/wp\/v2\/pages\/464\/revisions\/471"}],"wp:featuredmedia":[{"embeddable":true,"href":"http:\/\/luxiaartiss.com\/fr\/wp-json\/wp\/v2\/media\/77"}],"wp:attachment":[{"href":"http:\/\/luxiaartiss.com\/fr\/wp-json\/wp\/v2\/media?parent=464"}],"curies":[{"name":"wp","href":"https:\/\/api.w.org\/{rel}","templated":true}]}}